{"id":864,"date":"2023-01-24T15:05:25","date_gmt":"2023-01-24T14:05:25","guid":{"rendered":"https:\/\/dev.everpress.everapps.dev\/?page_id=864"},"modified":"2026-02-26T14:33:00","modified_gmt":"2026-02-26T13:33:00","slug":"startseite","status":"publish","type":"page","link":"https:\/\/www.heilpraktikerin-coesfeld.de\/shop\/","title":{"rendered":"Startseite"},"content":{"rendered":"\n\t<div class=\"ep-content-dynamic  bg-light space \"><div class=\"row   default-start default-top\"><h1 class=\"col align-left\">Heilpraktikerin in Coesfeld  <span class=\"subline\">F\u00fcr einen ganzheitlichen Gesundheitsweg<\/span><\/h1><div class=\"col small-6 large-4 giant-5 \"><p>Sie w\u00fcnschen sich eine\u00a0<strong>ganzheitliche Beratung in allen Gesundheitsfragen?<\/strong>\u00a0Als Heilpraktikerin in Coesfeld bin ich,\u00a0Elke Herbst, f\u00fcr Sie da. In meiner Naturheilpraxis berate ich Patienten mit unterschiedlichsten Beschwerden. So gehe ich mit Ihnen auf die Suche nach verborgenen Gr\u00fcnden f\u00fcr Ihre gesundheitlichen Probleme. Nicht jede Erkrankung l\u00e4sst sich mithilfe der Einnahme von Medikamenten nachhaltig behandeln. Mein Ziel ist es, den Ausl\u00f6ser f\u00fcr Ihre\u00a0<strong>psychischen oder physischen<\/strong>\u00a0Beschwerden zu finden.<\/p>\n<\/div><div class=\"col small-6 large-4 giant-5 \"><p>Dies gelingt durch eine ganzheitliche Untersuchung von einem geschulten Heilpraktiker, die eine ausf\u00fchrliche\u00a0<strong>Anamnese<\/strong>, eine\u00a0<strong>Diagnose\u00a0<\/strong>und ein umfassendes\u00a0<strong>Auswertungsgespr\u00e4ch\u00a0<\/strong>\u00fcber m\u00f6gliche Therapieverfahren beinhaltet. Zeit und Geduld sind hierbei unerl\u00e4sslich! In einem pers\u00f6nlichen Gespr\u00e4ch mit Ihrer vertrauensvollen Heilpraktikerin thematisieren Sie Ihre fr\u00fcheren Erkrankungen und beschreiben Ihren Genesungsweg. Nur so kann ich Ihre gesundheitlichen Beschwerden nachvollziehen und eine f\u00fcr Sie\u00a0<strong>passende Behandlung<\/strong>\u00a0in Erw\u00e4gung ziehen.<\/p>\n<p>Ich rechne meine Leistungen nach der Geb\u00fchrenordnung f\u00fcr Heilpraktiker ab (au\u00dfer MPU-Beratung). Das gilt f\u00fcr private Krankenversicherungen, Zusatzversicherungen und Selbstzahler.<\/p>\n<\/div><\/div><\/div>\n\t\n\n\n<div class=\"ep-products-teaser  bg-medium space\">\n<div class=\"row\">\n\n\t\n\t<div class=\"col ep-title-container\"><h2>Unsere aktuellen Produkte &#8211;  <span class=\"subline\">werden Sie jetzt f\u00fcndig<\/span><\/h2><a title=\"Nat\u00fcrlich einkaufen: Shop bei Naturheilpraxis Elke Herbst\" class=\"btn weight-bold icon icon-after-arrow-right margin-bottom\" target=\"_self\" href=\"https:\/\/www.heilpraktikerin-coesfeld.de\/shop\/shop-2\/\">Unseren Shop ansehen<\/a><\/div>\n\n\t<div class=\"col\">\n\t\t<ul class=\"ep-teaser-tiles products margin-bottom \"><li class=\"product type-product post-6425 status-publish first instock product_cat-darmsanierung shipping-taxable purchasable product-type-simple\">\n\t<a title=\"Ganzheitlich betreut: Darmsanierung mit 3-monatiger Begleitung\" href=\"https:\/\/www.heilpraktikerin-coesfeld.de\/shop\/produkt\/darmsanierung-mit-3-monatiger-begleitung\/\" class=\"woocommerce-LoopProduct-link woocommerce-loop-product__link\" aria-label=\"Produkt \u00f6ffnen \u2013 Darmsanierung mit 3-monatiger Begleitung\" data-tooltip=\"focus\"><\/a><img loading=\"lazy\" decoding=\"async\" width=\"300\" height=\"300\" src=\"https:\/\/www.heilpraktikerin-coesfeld.de\/shop\/wp-content\/uploads\/2025\/07\/woocommerce-placeholder-300x300.png\" class=\"woocommerce-placeholder wp-post-image\" alt=\"Platzhalter\" srcset=\"https:\/\/www.heilpraktikerin-coesfeld.de\/shop\/wp-content\/uploads\/2025\/07\/woocommerce-placeholder-300x300.png 300w, https:\/\/www.heilpraktikerin-coesfeld.de\/shop\/wp-content\/uploads\/2025\/07\/woocommerce-placeholder-100x100.png 100w, https:\/\/www.heilpraktikerin-coesfeld.de\/shop\/wp-content\/uploads\/2025\/07\/woocommerce-placeholder-600x600.png 600w, https:\/\/www.heilpraktikerin-coesfeld.de\/shop\/wp-content\/uploads\/2025\/07\/woocommerce-placeholder-1024x1024.png 1024w, https:\/\/www.heilpraktikerin-coesfeld.de\/shop\/wp-content\/uploads\/2025\/07\/woocommerce-placeholder-150x150.png 150w, https:\/\/www.heilpraktikerin-coesfeld.de\/shop\/wp-content\/uploads\/2025\/07\/woocommerce-placeholder-768x768.png 768w, https:\/\/www.heilpraktikerin-coesfeld.de\/shop\/wp-content\/uploads\/2025\/07\/woocommerce-placeholder-480x480.png 480w, https:\/\/www.heilpraktikerin-coesfeld.de\/shop\/wp-content\/uploads\/2025\/07\/woocommerce-placeholder-760x760.png 760w, https:\/\/www.heilpraktikerin-coesfeld.de\/shop\/wp-content\/uploads\/2025\/07\/woocommerce-placeholder.png 1200w\" sizes=\"auto, (max-width: 300px) 100vw, 300px\" \/><h2 class=\"woocommerce-loop-product__title\">Darmsanierung mit 3-monatiger Begleitung<\/h2>\n\t<span class=\"price\"><span class=\"woocommerce-Price-amount amount\"><bdi>499,00&nbsp;<span class=\"woocommerce-Price-currencySymbol\">&euro;<\/span><\/bdi><\/span><\/span>\n\n<div class=\"product-info-container\"><\/div><div class=\"mark-container\"><mark class=\"mark-link\"><a href=\"https:\/\/www.heilpraktikerin-coesfeld.de\/shop\/produkt-kategorie\/darmsanierung\/\" title=\"Gehe zu Darmsanierung\">Darmsanierung<\/a><\/mark><\/div>\n\n\n\n\t<p class=\"wc-gzd-additional-info wc-gzd-additional-info-loop shipping-costs-info\">zzgl. <a href=\"https:\/\/www.heilpraktikerin-coesfeld.de\/shop\/versandarten\/\" target=\"_blank\">Versandkosten<\/a><\/p>\n\n\n<a href=\"\/shop\/wp-json\/wp\/v2\/pages\/864?add-to-cart=6425\" aria-describedby=\"woocommerce_loop_add_to_cart_link_describedby_6425\" data-quantity=\"1\" class=\"button product_type_simple add_to_cart_button ajax_add_to_cart\" data-product_id=\"6425\" data-product_sku=\"\" aria-label=\"In den Warenkorb legen: \u201eDarmsanierung mit 3-monatiger Begleitung\u201c\" rel=\"nofollow\" data-success_message=\"\u201eDarmsanierung mit 3-monatiger Begleitung\u201c wurde Ihrem Warenkorb hinzugef\u00fcgt\" data-product-name=\"Darmsanierung mit 3-monatiger Begleitung\" title=\"In den Warenkorb legen: \u201eDarmsanierung mit 3-monatiger Begleitung\u201c\" role=\"button\">In den Warenkorb<\/a>\t<span id=\"woocommerce_loop_add_to_cart_link_describedby_6425\" class=\"screen-reader-text\">\n\t\t\t<\/span>\n<\/li>\n<li class=\"product type-product post-6424 status-publish instock product_cat-darmsanierung shipping-taxable purchasable product-type-simple\">\n\t<a title=\"Einfach starten: Darmsanierung f\u00fcr Ihr Wohlbefinden\" href=\"https:\/\/www.heilpraktikerin-coesfeld.de\/shop\/produkt\/darmsanierung-einfach\/\" class=\"woocommerce-LoopProduct-link woocommerce-loop-product__link\" aria-label=\"Produkt \u00f6ffnen \u2013 Darmsanierung einfach\" data-tooltip=\"focus\"><\/a><img loading=\"lazy\" decoding=\"async\" width=\"300\" height=\"300\" src=\"https:\/\/www.heilpraktikerin-coesfeld.de\/shop\/wp-content\/uploads\/2025\/07\/woocommerce-placeholder-300x300.png\" class=\"woocommerce-placeholder wp-post-image\" alt=\"Platzhalter\" srcset=\"https:\/\/www.heilpraktikerin-coesfeld.de\/shop\/wp-content\/uploads\/2025\/07\/woocommerce-placeholder-300x300.png 300w, https:\/\/www.heilpraktikerin-coesfeld.de\/shop\/wp-content\/uploads\/2025\/07\/woocommerce-placeholder-100x100.png 100w, https:\/\/www.heilpraktikerin-coesfeld.de\/shop\/wp-content\/uploads\/2025\/07\/woocommerce-placeholder-600x600.png 600w, https:\/\/www.heilpraktikerin-coesfeld.de\/shop\/wp-content\/uploads\/2025\/07\/woocommerce-placeholder-1024x1024.png 1024w, https:\/\/www.heilpraktikerin-coesfeld.de\/shop\/wp-content\/uploads\/2025\/07\/woocommerce-placeholder-150x150.png 150w, https:\/\/www.heilpraktikerin-coesfeld.de\/shop\/wp-content\/uploads\/2025\/07\/woocommerce-placeholder-768x768.png 768w, https:\/\/www.heilpraktikerin-coesfeld.de\/shop\/wp-content\/uploads\/2025\/07\/woocommerce-placeholder-480x480.png 480w, https:\/\/www.heilpraktikerin-coesfeld.de\/shop\/wp-content\/uploads\/2025\/07\/woocommerce-placeholder-760x760.png 760w, https:\/\/www.heilpraktikerin-coesfeld.de\/shop\/wp-content\/uploads\/2025\/07\/woocommerce-placeholder.png 1200w\" sizes=\"auto, (max-width: 300px) 100vw, 300px\" \/><h2 class=\"woocommerce-loop-product__title\">Darmsanierung einfach<\/h2>\n\t<span class=\"price\"><span class=\"woocommerce-Price-amount amount\"><bdi>149,00&nbsp;<span class=\"woocommerce-Price-currencySymbol\">&euro;<\/span><\/bdi><\/span><\/span>\n\n<div class=\"product-info-container\"><\/div><div class=\"mark-container\"><mark class=\"mark-link\"><a href=\"https:\/\/www.heilpraktikerin-coesfeld.de\/shop\/produkt-kategorie\/darmsanierung\/\" title=\"Gehe zu Darmsanierung\">Darmsanierung<\/a><\/mark><\/div>\n\n\n\n\t<p class=\"wc-gzd-additional-info wc-gzd-additional-info-loop shipping-costs-info\">zzgl. <a href=\"https:\/\/www.heilpraktikerin-coesfeld.de\/shop\/versandarten\/\" target=\"_blank\">Versandkosten<\/a><\/p>\n\n\n<a href=\"\/shop\/wp-json\/wp\/v2\/pages\/864?add-to-cart=6424\" aria-describedby=\"woocommerce_loop_add_to_cart_link_describedby_6424\" data-quantity=\"1\" class=\"button product_type_simple add_to_cart_button ajax_add_to_cart\" data-product_id=\"6424\" data-product_sku=\"\" aria-label=\"In den Warenkorb legen: \u201eDarmsanierung einfach\u201c\" rel=\"nofollow\" data-success_message=\"\u201eDarmsanierung einfach\u201c wurde Ihrem Warenkorb hinzugef\u00fcgt\" data-product-name=\"Darmsanierung einfach\" title=\"In den Warenkorb legen: \u201eDarmsanierung einfach\u201c\" role=\"button\">In den Warenkorb<\/a>\t<span id=\"woocommerce_loop_add_to_cart_link_describedby_6424\" class=\"screen-reader-text\">\n\t\t\t<\/span>\n<\/li>\n<\/ul><\/div>\n\n<\/div>\n<\/div>\n\n\t\n\n","protected":false},"excerpt":{"rendered":"","protected":false},"author":1,"featured_media":0,"parent":0,"menu_order":0,"comment_status":"closed","ping_status":"closed","template":"","meta":{"_acf_changed":false,"footnotes":""},"class_list":["post-864","page","type-page","status-publish","hentry"],"acf":[],"_links":{"self":[{"href":"https:\/\/www.heilpraktikerin-coesfeld.de\/shop\/wp-json\/wp\/v2\/pages\/864","targetHints":{"allow":["GET"]}}],"collection":[{"href":"https:\/\/www.heilpraktikerin-coesfeld.de\/shop\/wp-json\/wp\/v2\/pages"}],"about":[{"href":"https:\/\/www.heilpraktikerin-coesfeld.de\/shop\/wp-json\/wp\/v2\/types\/page"}],"author":[{"embeddable":true,"href":"https:\/\/www.heilpraktikerin-coesfeld.de\/shop\/wp-json\/wp\/v2\/users\/1"}],"replies":[{"embeddable":true,"href":"https:\/\/www.heilpraktikerin-coesfeld.de\/shop\/wp-json\/wp\/v2\/comments?post=864"}],"version-history":[{"count":5,"href":"https:\/\/www.heilpraktikerin-coesfeld.de\/shop\/wp-json\/wp\/v2\/pages\/864\/revisions"}],"predecessor-version":[{"id":6430,"href":"https:\/\/www.heilpraktikerin-coesfeld.de\/shop\/wp-json\/wp\/v2\/pages\/864\/revisions\/6430"}],"wp:attachment":[{"href":"https:\/\/www.heilpraktikerin-coesfeld.de\/shop\/wp-json\/wp\/v2\/media?parent=864"}],"curies":[{"name":"wp","href":"https:\/\/api.w.org\/{rel}","templated":true}]}}